{"id":468,"date":"2021-05-12T10:37:08","date_gmt":"2021-05-12T14:37:08","guid":{"rendered":"https:\/\/triobac.com\/2021\/?page_id=468"},"modified":"2021-05-17T06:12:01","modified_gmt":"2021-05-17T10:12:01","slug":"dumpster-rental-north-shore","status":"publish","type":"page","link":"https:\/\/triobac.com\/en\/dumpster-rental-north-shore\/","title":{"rendered":"North Shore"},"content":{"rendered":"<h1>NORTH SHORE<\/h1>\n<h2>NEED TO RENT A DUMPSTER (CONTAINER) ON THE NORTH SHORE FOR RENOVATIONS?<\/h2>\n<hr>\n<div>RENTALS AVAILABLE IN LAVAL, DEUX-MONTAGNES, ROSEM\u00c8RE, BOIS-DES-FILIONS, OKA, SAINT-EUSTACHE, BLAINVILLE, SAINTE-TH\u00c9R\u00c8SE, MIRABEL AND THE SURROUNDING AREA.<\/div>\n<div>\n<p>Large projects in view to improve the value of your property in the nice area of Laval or Lower-Laurentians? We are pleased to announce our presence on the North Shore of Montreal. We deliver the mini-containers of 10 cu. yds, 14 cu. yds, 16 cu. yds and 20 cu. yds directly to the location of your choice for a period as short as 2 hrs or more.<\/p>\n<p>We recommend you to check with your municipality for regulations for container permit. Here is also a detailed process to help you see more clearly when requesting a permit. You can also check the list of all the municipalities we serve and their links to get a permit.<\/p>\n<p>You are residents of North Shore, perhaps like you find resources and activities in your area with the portal rive-nord.com<\/p>\n<\/div>\n<div>\n<p>Ready to calculate the amount of your waste, or to book your container?<\/p>\n<\/div>\n<p>\n    <a href=\"\/2021\/get-a-quote\/\">GET A QUOTE<\/a>\n<\/p>\n<ul>\n<li>\n<p>        <img decoding=\"async\" data-src=\"\/2021\/wp-content\/uploads\/2021\/05\/conteneurs-30-8-large.png\" alt=\"10cu\" src=\"data:image\/svg+xml;base64,PHN2ZyB3aWR0aD0iMSIgaGVpZ2h0PSIxIiB4bWxucz0iaHR0cDovL3d3dy53My5vcmcvMjAwMC9zdmciPjwvc3ZnPg==\" class=\"lazyload\"><\/p>\n<h3>10 CU. YDS<\/h3>\n<\/li>\n<li>\n<p>        <img decoding=\"async\" data-src=\"\/2021\/wp-content\/uploads\/2021\/05\/conteneurs-42-11-large.png\" alt=\"14cu\" src=\"data:image\/svg+xml;base64,PHN2ZyB3aWR0aD0iMSIgaGVpZ2h0PSIxIiB4bWxucz0iaHR0cDovL3d3dy53My5vcmcvMjAwMC9zdmciPjwvc3ZnPg==\" class=\"lazyload\"><\/p>\n<h3>14CU. YDS<\/h3>\n<\/li>\n<li>\n<p>        <img decoding=\"async\" data-src=\"\/2021\/wp-content\/uploads\/2021\/05\/conteneurs-49-13-large.png\" alt=\"16cu\" src=\"data:image\/svg+xml;base64,PHN2ZyB3aWR0aD0iMSIgaGVpZ2h0PSIxIiB4bWxucz0iaHR0cDovL3d3dy53My5vcmcvMjAwMC9zdmciPjwvc3ZnPg==\" class=\"lazyload\"><\/p>\n<h3>16 CU. YDS<\/h3>\n<\/li>\n<li>\n<p>        <img decoding=\"async\" data-src=\"\/2021\/wp-content\/uploads\/2021\/05\/conteneurs-61-15-large.png\" alt=\"10cu\" src=\"data:image\/svg+xml;base64,PHN2ZyB3aWR0aD0iMSIgaGVpZ2h0PSIxIiB4bWxucz0iaHR0cDovL3d3dy53My5vcmcvMjAwMC9zdmciPjwvc3ZnPg==\" class=\"lazyload\"><\/p>\n<h3>20 CU. YDS<\/h3>\n<\/li>\n<\/ul>\n<div>\n<h3>Servicing the following cities and regions<\/h3>\n<div>\n<p>Ahuntsic\/Cartierville<br \/>Anjou<br \/>Beaconsfield\/Baie-D&#8217;Urf\u00e9<br \/>Bellefeuille<br \/>Boucherville<br \/>Chambly<br \/>C\u00f4te-des-Neiges\/Notre-Dame-de-Grace<br \/>C\u00f4te-Saint-Luc\/Hampstead<br \/>Dollard-des-Ormeaux\/Roxboro<br \/>Dorval<br \/>Greenfield Park<br \/>Kirkland<br \/>\u00cele-des-Soeurs<br \/>\u00cele Perrot<br \/>L&#8217;\u00cele Bizard<br \/>La Plaine<br \/>Le Gardeur<br \/>Lachine<br \/>LaSalle<br \/>Laval<br \/>Mascouche<br \/>Mercier\/Hochelaga\/Maisonneuve<br \/>Mirabel<br \/>Mont-Royal<br \/>Montr\u00e9al-Est<br \/>Montr\u00e9al-Nord<br \/>Outremont<br \/>Pierrefonds<br \/>Pincourt<br \/>Plateau &#8211; Mont-Royal<br \/>Pointe-aux-Trembles\/Rivi\u00e8res-des-Prairies<br \/>Pointe-Claire<br \/>Rosemont\/La Petite Patrie<br \/>Saint-Amable<br \/>Saint-Basile-le-Grand<br \/>Saint-Constant<br \/>Saint-J\u00e9rome<br \/>Saint-Joseph-du-Lac<br \/>Saint-Laurent<br \/>Saint-Lazare<br \/>Saint-L\u00e9onard<br \/>Sainte-Catherine<br \/>Sainte-Genevi\u00e8ve\/Sainte-Anne-de-Bellevue<br \/>Sainte-Julie<br \/>Senneville<br \/>Sud-Ouest<br \/>Terrebonne<br \/>Varennes<br \/>Vaudreuil-Dorion<br \/>Verdun<br \/>Ville-Marie<br \/>Villeray\/Saint-Michel\/Parc-Extension<br \/>Westmount<\/p>\n<\/div>\n<p><a href=\"#\">Consultez la liste des municipalit\u00e9s et les liens pour obtenir un permis d&#8217;occupation pour votre conteneur \u00e0 d\u00e9chet.<\/a><\/p>\n<\/div>\n<p><!--more--><br \/>\n<!-- {\"name\":\"PAGE - Service region\",\"type\":\"layout\",\"children\":[{\"type\":\"section\",\"props\":{\"style\":\"default\",\"width\":\"small\",\"vertical_align\":\"middle\",\"title_position\":\"top-left\",\"title_rotation\":\"left\",\"title_breakpoint\":\"xl\",\"image_position\":\"center-center\"},\"children\":[{\"type\":\"row\",\"props\":{\"layout\":\"3-4,1-4\"},\"children\":[{\"type\":\"column\",\"props\":{\"image_position\":\"center-center\",\"media_overlay_gradient\":\"\",\"width_medium\":\"3-4\"},\"children\":[{\"type\":\"headline\",\"props\":{\"title_element\":\"h1\",\"content\":\"NORTH SHORE\",\"title_style\":\"h1\",\"title_color\":\"primary\",\"text_align\":\"center\",\"margin_remove_bottom\":true}},{\"type\":\"headline\",\"props\":{\"title_element\":\"h2\",\"title_style\":\"h2\",\"margin_remove_top\":true,\"content\":\"NEED TO RENT A DUMPSTER (CONTAINER) ON THE NORTH SHORE FOR RENOVATIONS?\",\"text_align\":\"center\"}},{\"type\":\"divider\",\"props\":{\"divider_element\":\"hr\",\"divider_style\":\"small\",\"divider_align\":\"center\"}},{\"type\":\"text\",\"props\":{\"margin\":\"default\",\"column_breakpoint\":\"m\",\"content\":\"RENTALS AVAILABLE IN LAVAL, DEUX-MONTAGNES, ROSEM\\u00c8RE, BOIS-DES-FILIONS, OKA, SAINT-EUSTACHE, BLAINVILLE, SAINTE-TH\\u00c9R\\u00c8SE, MIRABEL AND THE SURROUNDING AREA.\",\"text_align\":\"justify\"}},{\"type\":\"text\",\"props\":{\"margin\":\"default\",\"column_breakpoint\":\"m\",\"content\":\"\n\n<p>Large projects in view to improve the value of your property in the nice area of Laval or Lower-Laurentians? We are pleased to announce our presence on the North Shore of Montreal. We deliver the mini-containers of 10 cu. yds, 14 cu. yds, 16 cu. yds and 20 cu. yds directly to the location of your choice for a period as short as 2 hrs or more.<\\\/p>\\n\n\n<p>We recommend you to check with your municipality for regulations for container permit. Here is also a detailed process to help you see more clearly when requesting a permit. You can also check the list of all the municipalities we serve and their links to get a permit.<\\\/p>\\n\n\n<p>You are residents of North Shore, perhaps like you find resources and activities in your area with the portal rive-nord.com<\\\/p>\",\"text_align\":\"justify\"}},{\"type\":\"text\",\"props\":{\"margin\":\"default\",\"column_breakpoint\":\"m\",\"content\":\"\n\n<p>Ready to calculate the amount of your waste, or to book your container?<\\\/p>\",\"text_style\":\"lead\"}},{\"type\":\"button\",\"props\":{\"grid_column_gap\":\"small\",\"grid_row_gap\":\"small\",\"margin\":\"default\",\"button_size\":\"large\"},\"children\":[{\"type\":\"button_item\",\"props\":{\"button_style\":\"primary\",\"icon_align\":\"right\",\"content\":\"GET A QUOTE\",\"link\":\"get-a-quote\\\/\",\"link_title\":\"Get a quote\",\"icon\":\"forward\"}}],\"modified\":\"2021-05-12T11:34:53.588Z\",\"name\":\"Get a quote button\"}]},{\"type\":\"column\",\"props\":{\"image_position\":\"center-center\",\"media_overlay_gradient\":\"\",\"width_medium\":\"1-4\"},\"children\":[{\"type\":\"panel-slider\",\"props\":{\"show_title\":true,\"show_meta\":true,\"show_content\":true,\"show_image\":true,\"show_link\":true,\"slider_width\":\"fixed\",\"slider_width_default\":\"1-1\",\"slider_width_medium\":\"1-1\",\"slider_gap\":\"default\",\"slider_autoplay_pause\":true,\"nav\":\"dotnav\",\"nav_align\":\"center\",\"nav_breakpoint\":\"s\",\"slidenav\":\"outside\",\"slidenav_margin\":\"medium\",\"slidenav_breakpoint\":\"xl\",\"slidenav_outside_breakpoint\":\"xl\",\"panel_card_match\":true,\"title_hover_style\":\"reset\",\"title_element\":\"h3\",\"title_align\":\"top\",\"title_grid_width\":\"1-2\",\"title_grid_breakpoint\":\"m\",\"meta_style\":\"meta\",\"meta_align\":\"below-title\",\"meta_element\":\"div\",\"content_column_breakpoint\":\"m\",\"icon_width\":80,\"image_align\":\"top\",\"image_grid_width\":\"1-2\",\"image_grid_breakpoint\":\"m\",\"image_svg_color\":\"emphasis\",\"link_text\":\"Read more\",\"link_style\":\"default\",\"margin\":\"default\",\"slider_width_small\":\"1-1\",\"slider_width_large\":\"1-1\",\"slider_width_xlarge\":\"1-1\",\"title_style\":\"h5\",\"text_align\":\"center\",\"panel_style\":\"card-default\",\"panel_link\":true,\"panel_size\":\"small\"},\"children\":[{\"type\":\"panel-slider_item\",\"props\":{\"image\":\"wp-content\\\/uploads\\\/2021\\\/05\\\/conteneurs-30-8-large.png\",\"image_alt\":\"10cu\",\"title\":\"10 CU. YDS\"}},{\"type\":\"panel-slider_item\",\"props\":{\"image\":\"wp-content\\\/uploads\\\/2021\\\/05\\\/conteneurs-42-11-large.png\",\"image_alt\":\"14cu\",\"title\":\"14CU. YDS\"}},{\"type\":\"panel-slider_item\",\"props\":{\"image\":\"wp-content\\\/uploads\\\/2021\\\/05\\\/conteneurs-49-13-large.png\",\"image_alt\":\"16cu\",\"title\":\"16 CU. YDS\"}},{\"type\":\"panel-slider_item\",\"props\":{\"image\":\"wp-content\\\/uploads\\\/2021\\\/05\\\/conteneurs-61-15-large.png\",\"image_alt\":\"10cu\",\"title\":\"20 CU. YDS\"}}]},{\"type\":\"panel\",\"props\":{\"link_text\":\"Consultez la liste des municipalit\\u00e9s et les liens pour obtenir un permis d'occupation pour votre conteneur \\u00e0 d\\u00e9chet.\",\"title_hover_style\":\"reset\",\"title_element\":\"h3\",\"title_align\":\"top\",\"title_grid_width\":\"1-2\",\"title_grid_breakpoint\":\"m\",\"meta_style\":\"meta\",\"meta_align\":\"below-title\",\"meta_element\":\"div\",\"content_column_breakpoint\":\"m\",\"icon_width\":80,\"image_align\":\"top\",\"image_grid_width\":\"1-2\",\"image_grid_breakpoint\":\"m\",\"image_svg_color\":\"emphasis\",\"link_style\":\"link-text\",\"margin\":\"medium\",\"content\":\"\n\n<p>Ahuntsic\\\/Cartierville<br \\\/>Anjou<br \\\/>Beaconsfield\\\/Baie-D'Urf\\u00e9<br \\\/>Bellefeuille<br \\\/>Boucherville<br \\\/>Chambly<br \\\/>C\\u00f4te-des-Neiges\\\/Notre-Dame-de-Grace<br \\\/>C\\u00f4te-Saint-Luc\\\/Hampstead<br \\\/>Dollard-des-Ormeaux\\\/Roxboro<br \\\/>Dorval<br \\\/>Greenfield Park<br \\\/>Kirkland<br \\\/>\\u00cele-des-Soeurs<br \\\/>\\u00cele Perrot<br \\\/>L'\\u00cele Bizard<br \\\/>La Plaine<br \\\/>Le Gardeur<br \\\/>Lachine<br \\\/>LaSalle<br \\\/>Laval<br \\\/>Mascouche<br \\\/>Mercier\\\/Hochelaga\\\/Maisonneuve<br \\\/>Mirabel<br \\\/>Mont-Royal<br \\\/>Montr\\u00e9al-Est<br \\\/>Montr\\u00e9al-Nord<br \\\/>Outremont<br \\\/>Pierrefonds<br \\\/>Pincourt<br \\\/>Plateau - Mont-Royal<br \\\/>Pointe-aux-Trembles\\\/Rivi\\u00e8res-des-Prairies<br \\\/>Pointe-Claire<br \\\/>Rosemont\\\/La Petite Patrie<br \\\/>Saint-Amable<br \\\/>Saint-Basile-le-Grand<br \\\/>Saint-Constant<br \\\/>Saint-J\\u00e9rome<br \\\/>Saint-Joseph-du-Lac<br \\\/>Saint-Laurent<br \\\/>Saint-Lazare<br \\\/>Saint-L\\u00e9onard<br \\\/>Sainte-Catherine<br \\\/>Sainte-Genevi\\u00e8ve\\\/Sainte-Anne-de-Bellevue<br \\\/>Sainte-Julie<br \\\/>Senneville<br \\\/>Sud-Ouest<br \\\/>Terrebonne<br \\\/>Varennes<br \\\/>Vaudreuil-Dorion<br \\\/>Verdun<br \\\/>Ville-Marie<br \\\/>Villeray\\\/Saint-Michel\\\/Parc-Extension<br \\\/>Westmount<\\\/p>\",\"title\":\"Servicing the following cities and regions\",\"link\":\"#\",\"margin_remove_bottom\":true}}]}]}],\"name\":\"BLOG\"}],\"version\":\"2.4.14\"} --><\/p>\n","protected":false},"excerpt":{"rendered":"<p>NORTH SHORE NEED TO RENT A DUMPSTER (CONTAINER) ON THE NORTH SHORE FOR RENOVATIONS? RENTALS AVAILABLE IN LAVAL, DEUX-MONTAGNES, ROSEM\u00c8RE, BOIS-DES-FILIONS, OKA, SAINT-EUSTACHE, BLAINVILLE, SAINTE-TH\u00c9R\u00c8SE, MIRABEL AND THE SURROUNDING AREA. Large projects in view to improve the value of your property in the nice area of Laval or Lower-Laurentians? We are pleased to announce our [&hellip;]<\/p>\n","protected":false},"author":1,"featured_media":0,"parent":0,"menu_order":0,"comment_status":"closed","ping_status":"closed","template":"","meta":{"footnotes":""},"class_list":["post-468","page","type-page","status-publish","hentry"],"_links":{"self":[{"href":"https:\/\/triobac.com\/en\/wp-json\/wp\/v2\/pages\/468","targetHints":{"allow":["GET"]}}],"collection":[{"href":"https:\/\/triobac.com\/en\/wp-json\/wp\/v2\/pages"}],"about":[{"href":"https:\/\/triobac.com\/en\/wp-json\/wp\/v2\/types\/page"}],"author":[{"embeddable":true,"href":"https:\/\/triobac.com\/en\/wp-json\/wp\/v2\/users\/1"}],"replies":[{"embeddable":true,"href":"https:\/\/triobac.com\/en\/wp-json\/wp\/v2\/comments?post=468"}],"version-history":[{"count":0,"href":"https:\/\/triobac.com\/en\/wp-json\/wp\/v2\/pages\/468\/revisions"}],"wp:attachment":[{"href":"https:\/\/triobac.com\/en\/wp-json\/wp\/v2\/media?parent=468"}],"curies":[{"name":"wp","href":"https:\/\/api.w.org\/{rel}","templated":true}]}}